{"id":3742,"date":"2020-09-24T15:06:38","date_gmt":"2020-09-24T15:06:38","guid":{"rendered":"https:\/\/jackmilles.nl\/over-ons\/"},"modified":"2020-10-19T14:58:00","modified_gmt":"2020-10-19T14:58:00","slug":"a-propos-de-nous","status":"publish","type":"page","link":"https:\/\/jackmilles.nl\/fr\/a-propos-de-nous\/","title":{"rendered":"\u00c0 propos de nous"},"content":{"rendered":"\n<section class=\"hero height-low\">\n    <div class=\"container\">\n        <div class=\"row justify-content-center\">\n            <div class=\"col-11 col-sm-11 col-md-10 col-lg-10 col-xl-8\">\n                <div class=\"hero__wrapper\">\n                                        <h1>\u00c0 propos de nous<\/h1>\n                                    <\/div>\n            <\/div>\n        <\/div>\n    <\/div>\n    <figure class=\"hero__image object-fit object-fit--cover\">\n        <img decoding=\"async\" width=\"1600\" height=\"1105\" data-src=\"https:\/\/jackmilles.nl\/wp-content\/uploads\/2020\/09\/jack-milles-31.jpg\" class=\"cover lazyload\" alt=\"\" data-srcset=\"https:\/\/jackmilles.nl\/wp-content\/uploads\/2020\/09\/jack-milles-31.jpg 1600w, https:\/\/jackmilles.nl\/wp-content\/uploads\/2020\/09\/jack-milles-31-300x207.jpg 300w, https:\/\/jackmilles.nl\/wp-content\/uploads\/2020\/09\/jack-milles-31-1024x707.jpg 1024w, https:\/\/jackmilles.nl\/wp-content\/uploads\/2020\/09\/jack-milles-31-768x530.jpg 768w, https:\/\/jackmilles.nl\/wp-content\/uploads\/2020\/09\/jack-milles-31-1536x1061.jpg 1536w\" data-sizes=\"(max-width: 1600px) 100vw, 1600px\" src=\"data:image\/svg+xml;base64,PHN2ZyB3aWR0aD0iMSIgaGVpZ2h0PSIxIiB4bWxucz0iaHR0cDovL3d3dy53My5vcmcvMjAwMC9zdmciPjwvc3ZnPg==\" style=\"--smush-placeholder-width: 1600px; --smush-placeholder-aspect-ratio: 1600\/1105;\" \/>    <\/figure>\n        <div class=\"breadcrumbs\">\n        <div class=\"breadcrumbs__wrapper\">\n            <p><span><span><a href=\"https:\/\/jackmilles.nl\/fr\/\">Home<\/a><\/span><\/span><\/p>        <\/div>\n    <\/div>\n    <\/section>\n\n\n\n\n\n\n<section class=\"text padding-top--large padding-bottom--large\">\n    <div class=\"container\">\n        <div class=\"row justify-content-center\">\n            <div class=\"col-12 col-sm-12 col-md-10 col-lg-8 col-xl-8\">\n                <div class=\"text__wrapper\">\n                                            <h2>A propos de Jack Milles<\/h2>\n                                            <p>Rendez-vous chez Jack Milles, pour un bon sac. Nous nous effor\u00e7ons chaque jour de fournir un sac adapt\u00e9 \u00e0 chacun. Nous trouvons important qu&#8217;un sac soit facile \u00e0 utiliser et surtout abordable.<\/p>\n                                            <a data-text=\"Voir la collection\" class=\"button button--primary\" href=\"https:\/\/jackmilles.nl\/fr\/collection\" target=\"_self\"><span>Voir la collection<\/span><\/a>\n                                    <\/div>\n            <\/div>\n        <\/div>\n    <\/div>\n<\/section>\n\n\n\n\n\n\n<section class=\"image-quote padding-top--none padding-bottom--none\">\n    <div class=\"container\">\n        <div class=\"row justify-content-center no-gutters\">\n            <div class=\"col-12 col-sm-12 col-md-12 col-lg-6 col-xl-6\">\n                <figure class=\"image-quote__image object-fit object-fit--cover\">\n                    <img decoding=\"async\" width=\"1600\" height=\"1060\" data-src=\"https:\/\/jackmilles.nl\/wp-content\/uploads\/2020\/10\/jack-milles-8.jpg\" class=\"cover lazyload\" alt=\"\" data-srcset=\"https:\/\/jackmilles.nl\/wp-content\/uploads\/2020\/10\/jack-milles-8.jpg 1600w, https:\/\/jackmilles.nl\/wp-content\/uploads\/2020\/10\/jack-milles-8-300x199.jpg 300w, https:\/\/jackmilles.nl\/wp-content\/uploads\/2020\/10\/jack-milles-8-1024x678.jpg 1024w, https:\/\/jackmilles.nl\/wp-content\/uploads\/2020\/10\/jack-milles-8-768x509.jpg 768w, https:\/\/jackmilles.nl\/wp-content\/uploads\/2020\/10\/jack-milles-8-1536x1018.jpg 1536w\" data-sizes=\"(max-width: 1600px) 100vw, 1600px\" src=\"data:image\/svg+xml;base64,PHN2ZyB3aWR0aD0iMSIgaGVpZ2h0PSIxIiB4bWxucz0iaHR0cDovL3d3dy53My5vcmcvMjAwMC9zdmciPjwvc3ZnPg==\" style=\"--smush-placeholder-width: 1600px; --smush-placeholder-aspect-ratio: 1600\/1060;\" \/>                <\/figure>\n            <\/div>\n            <div class=\"col-12 col-sm-12 col-md-12 col-lg-4 col-xl-4\">\n                <div class=\"image-quote__content\">\n                    <p>Rendez-vous chez Jack Milles, pour un bon sac.<\/p>\n                <\/div>\n            <\/div>\n        <\/div>\n    <\/div>\n<\/section>\n\n\n\n\n\n\n<section class=\"text padding-top--large padding-bottom--large\">\n    <div class=\"container\">\n        <div class=\"row justify-content-center\">\n            <div class=\"col-12 col-sm-12 col-md-10 col-lg-8 col-xl-8\">\n                <div class=\"text__wrapper\">\n                                            <h2>Un sac pour chaque moment<\/h2>\n                                            <p class=\"p1\">Nos sacs pour femmes sont tous fabriqu\u00e9s en PU (imitation cuir) et\/ou en cuir de haute qualit\u00e9 et sont soigneusement finis et doubl\u00e9s. Les sacs Jack Milles sont soigneusement fabriqu\u00e9s dans des usines avec lesquelles nous travaillons en \u00e9troite collaboration.<\/p>\n<p class=\"p1\">Nous d\u00e9veloppons des sacs intemporels toute l&#8217;ann\u00e9e, pour chaque moment, pour chaque budget !<\/p>\n<p class=\"p1\">Nous gardons sciemment la collection de Jack Milles \u00e0 un niveau r\u00e9duit. C&#8217;est pourquoi nous sommes flexibles et pouvons toujours proposer nos sacs \u00e0 des prix comp\u00e9titifs. Jack est revendu uniquement chez des revendeurs s\u00e9lectionn\u00e9s.<\/p>\n<p class=\"p1\">Vous cherchez un sac sp\u00e9cifique de Jack Milles ou vous avez une question ? N&#8217;h\u00e9sitez pas \u00e0 nous contacter.<\/p>\n                                            <a data-text=\"Nous contacter\" class=\"button button--primary\" href=\"https:\/\/jackmilles.nl\/fr\/contact\/\" target=\"_self\"><span>Nous contacter<\/span><\/a>\n                                    <\/div>\n            <\/div>\n        <\/div>\n    <\/div>\n<\/section>\n\n","protected":false},"excerpt":{"rendered":"","protected":false},"author":2,"featured_media":0,"parent":0,"menu_order":0,"comment_status":"closed","ping_status":"closed","template":"","meta":{"footnotes":""},"acf":[],"yoast_head":"<!-- This site is optimized with the Yoast SEO plugin v23.5 - https:\/\/yoast.com\/wordpress\/plugins\/seo\/ -->\n<title>\u00c0 propos de nous - Jack Milles<\/title>\n<meta name=\"robots\" content=\"index, follow, max-snippet:-1, max-image-preview:large, max-video-preview:-1\" \/>\n<link rel=\"canonical\" href=\"https:\/\/jackmilles.nl\/fr\/a-propos-de-nous\/\" \/>\n<meta property=\"og:locale\" content=\"fr_FR\" \/>\n<meta property=\"og:type\" content=\"article\" \/>\n<meta property=\"og:title\" content=\"\u00c0 propos de nous - Jack Milles\" \/>\n<meta property=\"og:url\" content=\"https:\/\/jackmilles.nl\/fr\/a-propos-de-nous\/\" \/>\n<meta property=\"og:site_name\" content=\"Jack Milles\" \/>\n<meta property=\"article:modified_time\" content=\"2020-10-19T14:58:00+00:00\" \/>\n<meta name=\"twitter:card\" content=\"summary_large_image\" \/>\n<script type=\"application\/ld+json\" class=\"yoast-schema-graph\">{\"@context\":\"https:\/\/schema.org\",\"@graph\":[{\"@type\":\"WebPage\",\"@id\":\"https:\/\/jackmilles.nl\/fr\/a-propos-de-nous\/\",\"url\":\"https:\/\/jackmilles.nl\/fr\/a-propos-de-nous\/\",\"name\":\"\u00c0 propos de nous - Jack Milles\",\"isPartOf\":{\"@id\":\"https:\/\/jackmilles.nl\/fr\/#website\"},\"datePublished\":\"2020-09-24T15:06:38+00:00\",\"dateModified\":\"2020-10-19T14:58:00+00:00\",\"breadcrumb\":{\"@id\":\"https:\/\/jackmilles.nl\/fr\/a-propos-de-nous\/#breadcrumb\"},\"inLanguage\":\"fr-FR\",\"potentialAction\":[{\"@type\":\"ReadAction\",\"target\":[\"https:\/\/jackmilles.nl\/fr\/a-propos-de-nous\/\"]}]},{\"@type\":\"BreadcrumbList\",\"@id\":\"https:\/\/jackmilles.nl\/fr\/a-propos-de-nous\/#breadcrumb\",\"itemListElement\":[{\"@type\":\"ListItem\",\"position\":1,\"name\":\"Home\",\"item\":\"https:\/\/jackmilles.nl\/fr\/\"},{\"@type\":\"ListItem\",\"position\":2,\"name\":\"\u00c0 propos de nous\"}]},{\"@type\":\"WebSite\",\"@id\":\"https:\/\/jackmilles.nl\/fr\/#website\",\"url\":\"https:\/\/jackmilles.nl\/fr\/\",\"name\":\"Jack Milles\",\"description\":\"Tassen\",\"potentialAction\":[{\"@type\":\"SearchAction\",\"target\":{\"@type\":\"EntryPoint\",\"urlTemplate\":\"https:\/\/jackmilles.nl\/fr\/?s={search_term_string}\"},\"query-input\":{\"@type\":\"PropertyValueSpecification\",\"valueRequired\":true,\"valueName\":\"search_term_string\"}}],\"inLanguage\":\"fr-FR\"}]}<\/script>\n<!-- \/ Yoast SEO plugin. -->","yoast_head_json":{"title":"\u00c0 propos de nous - Jack Milles","robots":{"index":"index","follow":"follow","max-snippet":"max-snippet:-1","max-image-preview":"max-image-preview:large","max-video-preview":"max-video-preview:-1"},"canonical":"https:\/\/jackmilles.nl\/fr\/a-propos-de-nous\/","og_locale":"fr_FR","og_type":"article","og_title":"\u00c0 propos de nous - Jack Milles","og_url":"https:\/\/jackmilles.nl\/fr\/a-propos-de-nous\/","og_site_name":"Jack Milles","article_modified_time":"2020-10-19T14:58:00+00:00","twitter_card":"summary_large_image","schema":{"@context":"https:\/\/schema.org","@graph":[{"@type":"WebPage","@id":"https:\/\/jackmilles.nl\/fr\/a-propos-de-nous\/","url":"https:\/\/jackmilles.nl\/fr\/a-propos-de-nous\/","name":"\u00c0 propos de nous - Jack Milles","isPartOf":{"@id":"https:\/\/jackmilles.nl\/fr\/#website"},"datePublished":"2020-09-24T15:06:38+00:00","dateModified":"2020-10-19T14:58:00+00:00","breadcrumb":{"@id":"https:\/\/jackmilles.nl\/fr\/a-propos-de-nous\/#breadcrumb"},"inLanguage":"fr-FR","potentialAction":[{"@type":"ReadAction","target":["https:\/\/jackmilles.nl\/fr\/a-propos-de-nous\/"]}]},{"@type":"BreadcrumbList","@id":"https:\/\/jackmilles.nl\/fr\/a-propos-de-nous\/#breadcrumb","itemListElement":[{"@type":"ListItem","position":1,"name":"Home","item":"https:\/\/jackmilles.nl\/fr\/"},{"@type":"ListItem","position":2,"name":"\u00c0 propos de nous"}]},{"@type":"WebSite","@id":"https:\/\/jackmilles.nl\/fr\/#website","url":"https:\/\/jackmilles.nl\/fr\/","name":"Jack Milles","description":"Tassen","potentialAction":[{"@type":"SearchAction","target":{"@type":"EntryPoint","urlTemplate":"https:\/\/jackmilles.nl\/fr\/?s={search_term_string}"},"query-input":{"@type":"PropertyValueSpecification","valueRequired":true,"valueName":"search_term_string"}}],"inLanguage":"fr-FR"}]}},"_links":{"self":[{"href":"https:\/\/jackmilles.nl\/fr\/wp-json\/wp\/v2\/pages\/3742"}],"collection":[{"href":"https:\/\/jackmilles.nl\/fr\/wp-json\/wp\/v2\/pages"}],"about":[{"href":"https:\/\/jackmilles.nl\/fr\/wp-json\/wp\/v2\/types\/page"}],"author":[{"embeddable":true,"href":"https:\/\/jackmilles.nl\/fr\/wp-json\/wp\/v2\/users\/2"}],"replies":[{"embeddable":true,"href":"https:\/\/jackmilles.nl\/fr\/wp-json\/wp\/v2\/comments?post=3742"}],"version-history":[{"count":0,"href":"https:\/\/jackmilles.nl\/fr\/wp-json\/wp\/v2\/pages\/3742\/revisions"}],"wp:attachment":[{"href":"https:\/\/jackmilles.nl\/fr\/wp-json\/wp\/v2\/media?parent=3742"}],"curies":[{"name":"wp","href":"https:\/\/api.w.org\/{rel}","templated":true}]}}